{"id":6255,"date":"2024-03-07T18:43:39","date_gmt":"2024-03-07T18:43:39","guid":{"rendered":"https:\/\/masterchem.es\/?post_type=product&#038;p=6255"},"modified":"2024-03-07T18:47:13","modified_gmt":"2024-03-07T18:47:13","slug":"thymol-cas-89-83-8-copia","status":"publish","type":"product","link":"https:\/\/masterchem.es\/de\/produkt\/thymol-cas-89-83-8-copia\/","title":{"rendered":"Chloroform (CAS 67-66-3)"},"content":{"rendered":"","protected":false},"excerpt":{"rendered":"<p>Chloroform oder Trichlormethan (oft als TCM abgek\u00fcrzt) ist eine organische Verbindung mit der Formel CHCl3 und einem g\u00e4ngigen L\u00f6sungsmittel. Es ist eine sehr fl\u00fcchtige, farblose, stark riechende, dichte Fl\u00fcssigkeit, die in gro\u00dfem Ma\u00dfstab als Vorstufe f\u00fcr K\u00e4ltemittel und damit f\u00fcr PTFE hergestellt wird. Chloroform ist ein Trihalogenmethan, das beim Einatmen oder Verschlucken als starkes An\u00e4sthetikum, Euphorikum, Anxiolytikum und Beruhigungsmittel wirkt. Chloroform wurde zwischen dem 19. und der ersten H\u00e4lfte des 20. Jahrhunderts als An\u00e4sthetikum verwendet. Es ist mit vielen L\u00f6sungsmitteln mischbar, in Wasser jedoch nur sehr gering l\u00f6slich (nur 8 g\/L bei 20 \u00b0C).<\/p>\n","protected":false},"featured_media":6259,"template":"","meta":[],"product_brand":[],"product_cat":[86,89],"product_tag":[],"class_list":{"0":"post-6255","1":"product","2":"type-product","3":"status-publish","4":"has-post-thumbnail","6":"product_cat-nicht-kategorisiert","7":"product_cat-pharmazeutische-produkte","9":"first","10":"instock","11":"taxable","12":"shipping-taxable","13":"purchasable","14":"product-type-variable","15":"has-default-attributes"},"yoast_head":"<!-- This site is optimized with the Yoast SEO plugin v27.5 - https:\/\/yoast.com\/product\/yoast-seo-wordpress\/ -->\n<title>Chloroform (CAS 67-66-3) - MasterChem<\/title>\n<meta name=\"description\" content=\"Chloroform oder Trichlormethan (oft als TCM abgek\u00fcrzt) ist eine organische Verbindung mit der Formel CHCl3 und einem g\u00e4ngigen L\u00f6sungsmittel.\" \/>\n<meta name=\"robots\" content=\"index, follow, max-snippet:-1, max-image-preview:large, max-video-preview:-1\" \/>\n<link rel=\"canonical\" href=\"https:\/\/masterchem.es\/de\/produkt\/thymol-cas-89-83-8-copia\/\" \/>\n<meta property=\"og:locale\" content=\"de_DE\" \/>\n<meta property=\"og:type\" content=\"article\" \/>\n<meta property=\"og:title\" content=\"Chloroform (CAS 67-66-3) - MasterChem\" \/>\n<meta property=\"og:description\" content=\"Chloroform oder Trichlormethan (oft als TCM abgek\u00fcrzt) ist eine organische Verbindung mit der Formel CHCl3 und einem g\u00e4ngigen L\u00f6sungsmittel.\" \/>\n<meta property=\"og:url\" content=\"https:\/\/masterchem.es\/de\/produkt\/thymol-cas-89-83-8-copia\/\" \/>\n<meta property=\"og:site_name\" content=\"MasterChem\" \/>\n<meta property=\"article:modified_time\" content=\"2024-03-07T18:47:13+00:00\" \/>\n<meta property=\"og:image\" content=\"https:\/\/masterchem.es\/wp-content\/uploads\/2024\/03\/Chloroform-67-66-3-1kg-MasterChem.png\" \/>\n\t<meta property=\"og:image:width\" content=\"579\" \/>\n\t<meta property=\"og:image:height\" content=\"579\" \/>\n\t<meta property=\"og:image:type\" content=\"image\/png\" \/>\n<meta name=\"twitter:card\" content=\"summary_large_image\" \/>\n<script type=\"application\/ld+json\" class=\"yoast-schema-graph\">{\"@context\":\"https:\\\/\\\/schema.org\",\"@graph\":[{\"@type\":\"WebPage\",\"@id\":\"https:\\\/\\\/masterchem.es\\\/de\\\/produkt\\\/thymol-cas-89-83-8-copia\\\/\",\"url\":\"https:\\\/\\\/masterchem.es\\\/de\\\/produkt\\\/thymol-cas-89-83-8-copia\\\/\",\"name\":\"Chloroform (CAS 67-66-3) - MasterChem\",\"isPartOf\":{\"@id\":\"https:\\\/\\\/masterchem.es\\\/de\\\/#website\"},\"primaryImageOfPage\":{\"@id\":\"https:\\\/\\\/masterchem.es\\\/de\\\/produkt\\\/thymol-cas-89-83-8-copia\\\/#primaryimage\"},\"image\":{\"@id\":\"https:\\\/\\\/masterchem.es\\\/de\\\/produkt\\\/thymol-cas-89-83-8-copia\\\/#primaryimage\"},\"thumbnailUrl\":\"https:\\\/\\\/masterchem.es\\\/wp-content\\\/uploads\\\/2024\\\/03\\\/Chloroform-67-66-3-1kg-MasterChem.png\",\"datePublished\":\"2024-03-07T18:43:39+00:00\",\"dateModified\":\"2024-03-07T18:47:13+00:00\",\"description\":\"Chloroform oder Trichlormethan (oft als TCM abgek\u00fcrzt) ist eine organische Verbindung mit der Formel CHCl3 und einem g\u00e4ngigen L\u00f6sungsmittel.\",\"breadcrumb\":{\"@id\":\"https:\\\/\\\/masterchem.es\\\/de\\\/produkt\\\/thymol-cas-89-83-8-copia\\\/#breadcrumb\"},\"inLanguage\":\"de-DE\",\"potentialAction\":[{\"@type\":\"ReadAction\",\"target\":[\"https:\\\/\\\/masterchem.es\\\/de\\\/produkt\\\/thymol-cas-89-83-8-copia\\\/\"]}]},{\"@type\":\"ImageObject\",\"inLanguage\":\"de-DE\",\"@id\":\"https:\\\/\\\/masterchem.es\\\/de\\\/produkt\\\/thymol-cas-89-83-8-copia\\\/#primaryimage\",\"url\":\"https:\\\/\\\/masterchem.es\\\/wp-content\\\/uploads\\\/2024\\\/03\\\/Chloroform-67-66-3-1kg-MasterChem.png\",\"contentUrl\":\"https:\\\/\\\/masterchem.es\\\/wp-content\\\/uploads\\\/2024\\\/03\\\/Chloroform-67-66-3-1kg-MasterChem.png\",\"width\":579,\"height\":579,\"caption\":\"Chloroform (CAS 67-66-3) 1kg-MasterChem\"},{\"@type\":\"BreadcrumbList\",\"@id\":\"https:\\\/\\\/masterchem.es\\\/de\\\/produkt\\\/thymol-cas-89-83-8-copia\\\/#breadcrumb\",\"itemListElement\":[{\"@type\":\"ListItem\",\"position\":1,\"name\":\"Home\",\"item\":\"https:\\\/\\\/masterchem.es\\\/de\\\/\"},{\"@type\":\"ListItem\",\"position\":2,\"name\":\"Tienda\",\"item\":\"https:\\\/\\\/masterchem.es\\\/tienda\\\/\"},{\"@type\":\"ListItem\",\"position\":3,\"name\":\"Chloroform (CAS 67-66-3)\"}]},{\"@type\":\"WebSite\",\"@id\":\"https:\\\/\\\/masterchem.es\\\/de\\\/#website\",\"url\":\"https:\\\/\\\/masterchem.es\\\/de\\\/\",\"name\":\"MasterChem\",\"description\":\"proveedor de productos qu&iacute;micos\",\"potentialAction\":[{\"@type\":\"SearchAction\",\"target\":{\"@type\":\"EntryPoint\",\"urlTemplate\":\"https:\\\/\\\/masterchem.es\\\/de\\\/?s={search_term_string}\"},\"query-input\":{\"@type\":\"PropertyValueSpecification\",\"valueRequired\":true,\"valueName\":\"search_term_string\"}}],\"inLanguage\":\"de-DE\"}]}<\/script>\n<!-- \/ Yoast SEO plugin. -->","yoast_head_json":{"title":"Chloroform (CAS 67-66-3) - MasterChem","description":"Chloroform oder Trichlormethan (oft als TCM abgek\u00fcrzt) ist eine organische Verbindung mit der Formel CHCl3 und einem g\u00e4ngigen L\u00f6sungsmittel.","robots":{"index":"index","follow":"follow","max-snippet":"max-snippet:-1","max-image-preview":"max-image-preview:large","max-video-preview":"max-video-preview:-1"},"canonical":"https:\/\/masterchem.es\/de\/produkt\/thymol-cas-89-83-8-copia\/","og_locale":"de_DE","og_type":"article","og_title":"Chloroform (CAS 67-66-3) - MasterChem","og_description":"Chloroform oder Trichlormethan (oft als TCM abgek\u00fcrzt) ist eine organische Verbindung mit der Formel CHCl3 und einem g\u00e4ngigen L\u00f6sungsmittel.","og_url":"https:\/\/masterchem.es\/de\/produkt\/thymol-cas-89-83-8-copia\/","og_site_name":"MasterChem","article_modified_time":"2024-03-07T18:47:13+00:00","og_image":[{"width":579,"height":579,"url":"https:\/\/masterchem.es\/wp-content\/uploads\/2024\/03\/Chloroform-67-66-3-1kg-MasterChem.png","type":"image\/png"}],"twitter_card":"summary_large_image","schema":{"@context":"https:\/\/schema.org","@graph":[{"@type":"WebPage","@id":"https:\/\/masterchem.es\/de\/produkt\/thymol-cas-89-83-8-copia\/","url":"https:\/\/masterchem.es\/de\/produkt\/thymol-cas-89-83-8-copia\/","name":"Chloroform (CAS 67-66-3) - MasterChem","isPartOf":{"@id":"https:\/\/masterchem.es\/de\/#website"},"primaryImageOfPage":{"@id":"https:\/\/masterchem.es\/de\/produkt\/thymol-cas-89-83-8-copia\/#primaryimage"},"image":{"@id":"https:\/\/masterchem.es\/de\/produkt\/thymol-cas-89-83-8-copia\/#primaryimage"},"thumbnailUrl":"https:\/\/masterchem.es\/wp-content\/uploads\/2024\/03\/Chloroform-67-66-3-1kg-MasterChem.png","datePublished":"2024-03-07T18:43:39+00:00","dateModified":"2024-03-07T18:47:13+00:00","description":"Chloroform oder Trichlormethan (oft als TCM abgek\u00fcrzt) ist eine organische Verbindung mit der Formel CHCl3 und einem g\u00e4ngigen L\u00f6sungsmittel.","breadcrumb":{"@id":"https:\/\/masterchem.es\/de\/produkt\/thymol-cas-89-83-8-copia\/#breadcrumb"},"inLanguage":"de-DE","potentialAction":[{"@type":"ReadAction","target":["https:\/\/masterchem.es\/de\/produkt\/thymol-cas-89-83-8-copia\/"]}]},{"@type":"ImageObject","inLanguage":"de-DE","@id":"https:\/\/masterchem.es\/de\/produkt\/thymol-cas-89-83-8-copia\/#primaryimage","url":"https:\/\/masterchem.es\/wp-content\/uploads\/2024\/03\/Chloroform-67-66-3-1kg-MasterChem.png","contentUrl":"https:\/\/masterchem.es\/wp-content\/uploads\/2024\/03\/Chloroform-67-66-3-1kg-MasterChem.png","width":579,"height":579,"caption":"Chloroform (CAS 67-66-3) 1kg-MasterChem"},{"@type":"BreadcrumbList","@id":"https:\/\/masterchem.es\/de\/produkt\/thymol-cas-89-83-8-copia\/#breadcrumb","itemListElement":[{"@type":"ListItem","position":1,"name":"Home","item":"https:\/\/masterchem.es\/de\/"},{"@type":"ListItem","position":2,"name":"Tienda","item":"https:\/\/masterchem.es\/tienda\/"},{"@type":"ListItem","position":3,"name":"Chloroform (CAS 67-66-3)"}]},{"@type":"WebSite","@id":"https:\/\/masterchem.es\/de\/#website","url":"https:\/\/masterchem.es\/de\/","name":"MasterChem","description":"proveedor de productos qu&iacute;micos","potentialAction":[{"@type":"SearchAction","target":{"@type":"EntryPoint","urlTemplate":"https:\/\/masterchem.es\/de\/?s={search_term_string}"},"query-input":{"@type":"PropertyValueSpecification","valueRequired":true,"valueName":"search_term_string"}}],"inLanguage":"de-DE"}]}},"_links":{"self":[{"href":"https:\/\/masterchem.es\/de\/wp-json\/wp\/v2\/product\/6255","targetHints":{"allow":["GET"]}}],"collection":[{"href":"https:\/\/masterchem.es\/de\/wp-json\/wp\/v2\/product"}],"about":[{"href":"https:\/\/masterchem.es\/de\/wp-json\/wp\/v2\/types\/product"}],"wp:featuredmedia":[{"embeddable":true,"href":"https:\/\/masterchem.es\/de\/wp-json\/wp\/v2\/media\/6259"}],"wp:attachment":[{"href":"https:\/\/masterchem.es\/de\/wp-json\/wp\/v2\/media?parent=6255"}],"wp:term":[{"taxonomy":"product_brand","embeddable":true,"href":"https:\/\/masterchem.es\/de\/wp-json\/wp\/v2\/product_brand?post=6255"},{"taxonomy":"product_cat","embeddable":true,"href":"https:\/\/masterchem.es\/de\/wp-json\/wp\/v2\/product_cat?post=6255"},{"taxonomy":"product_tag","embeddable":true,"href":"https:\/\/masterchem.es\/de\/wp-json\/wp\/v2\/product_tag?post=6255"}],"curies":[{"name":"wp","href":"https:\/\/api.w.org\/{rel}","templated":true}]}}