{"id":6286,"date":"2024-03-19T06:31:23","date_gmt":"2024-03-19T06:31:23","guid":{"rendered":"https:\/\/masterchem.es\/?post_type=product&#038;p=6286"},"modified":"2024-03-19T06:42:57","modified_gmt":"2024-03-19T06:42:57","slug":"coolant-master-eco-10pro-warmeubertragungsflussigkeit-copia","status":"publish","type":"product","link":"https:\/\/masterchem.es\/de\/produkt\/coolant-master-eco-10pro-warmeubertragungsflussigkeit-copia\/","title":{"rendered":"Coolant Master BIO-10PRO\u2122 W\u00e4rme\u00fcbertragungsfl\u00fcssigkeit auf Glyzerinbasis"},"content":{"rendered":"<p><strong>Produkteigenschaften:<\/strong><br \/>\nProdukttyp: Gebrauchsfertig<br \/>\nGefrierpunkt: -10\u00b0C<br \/>\nHauptinhaltsstoff: Glycerin mindestens 31 Gew.-%<br \/>\nInhibitor: Ja, ASTM D3306-Standard<br \/>\nSiedepunkt bei Normaldruck: (\u00b0C): 102\u00b0C<br \/>\nDichte bei 20 \u00b0C: 1,075 g\/cm3<br \/>\nEmpfohlene Lagertemperatur: Minimum: 0 C, Maximum: 30 C<br \/>\nHerkunftsland: Estland<br \/>\nLebensdauer: mindestens 5 Jahre und abh\u00e4ngig von den Betriebsvorschriften<br \/>\nHaltbarkeit: 60 Monate.<br \/>\nArtikel: BIO-10PRO56-81-5<\/p>\n<p><strong>Zus\u00e4tzliche Produktbeschreibung:<\/strong><br \/>\nMaster BIO\u2122 K\u00fchlmittel zum Heizen und W\u00e4rmeaustausch auf Basis von Glycerin zeichnen sich durch folgende positive Eigenschaften aus:<br \/>\n\u25cf\tsind umweltfreundlich und ungiftig;<br \/>\n\u25cf\tDie Markenzeichen von Master BIO\u2122 halten hohen Temperaturen stand;<br \/>\n\u25cf\tsch\u00fctzen Sie die Heizungsanlage im Winter bei niedrigen Umgebungstemperaturen zuverl\u00e4ssig vor dem Einfrieren;<br \/>\n\u25cf\thaben schmierende und bakterizide Eigenschaften;<br \/>\n\u25cf\thaben gute thermophysikalische Eigenschaften, wodurch der Raum gleichm\u00e4\u00dfig erw\u00e4rmt wird;<br \/>\n\u25cf\tfeuer- und explosionsgesch\u00fctzt;<br \/>\n\u25cf\tkeine Skala bilden.<br \/>\n\u25cf\tEs werden Neonfarbstoffe verwendet, die bei einem Leck im System helfen, das Leck leichter zu erkennen (die Notwendigkeit eines solchen Zusatzes wird bei der Bestellung angegeben)<\/p>\n<p><strong>Master BIO-10PRO\u2122 Thermophysikalische Eigenschaften w\u00e4ssrige Glycerinl\u00f6sung, Kristallisationstemperatur minus &#8211; 10 \u00b0C<\/strong><\/p>\n<table border=\"1\" cellspacing=\"0\" cellpadding=\"0\">\n<tbody>\n<tr>\n<td>Temperatur \u043e\u0421<\/td>\n<td>0<\/td>\n<td>20<\/td>\n<td>40<\/td>\n<td>60<\/td>\n<td>80<\/td>\n<td>100<\/td>\n<\/tr>\n<tr>\n<td>Dichte \u03c1, g\/cm3<\/td>\n<td>1,072<\/td>\n<td>1.075<\/td>\n<td>1.066<\/td>\n<td>1,056<\/td>\n<td>1,0423<\/td>\n<td>1.029<\/td>\n<\/tr>\n<tr>\n<td>Viskosit\u00e4t \u03bc, Pa*10-3<\/td>\n<td>5,53<\/td>\n<td>2,62<\/td>\n<td>1,52<\/td>\n<td>1,09<\/td>\n<td>0,71<\/td>\n<td>&#8211;<\/td>\n<\/tr>\n<tr>\n<td>W\u00e4rmeleitf\u00e4higkeit W\/(cm\u00b7oC)<\/td>\n<td>&#8211;<\/td>\n<td>0,48<\/td>\n<td>0,50<\/td>\n<td>0,52<\/td>\n<td>0,54<\/td>\n<td>&#8211;<\/td>\n<\/tr>\n<tr>\n<td>W\u00e4rmekapazit\u00e4t kJ\/(kg\u00b7oC)<\/td>\n<td>&#8211;<\/td>\n<td>1,807<\/td>\n<td>1,210<\/td>\n<td>1,840<\/td>\n<td>1,864<\/td>\n<td>&#8211;<\/td>\n<\/tr>\n<\/tbody>\n<\/table>\n<p><strong>Benutzerhandbuch:<\/strong><br \/>\nVor der Verwendung von Master BIO\u2122 K\u00fchlmitteln muss das Heizsystem vollst\u00e4ndig von Abfallfl\u00fcssigkeit gereinigt werden. Au\u00dferdem sollten Sie alte Ablagerungen und Zunder aus dem Kreislauf entfernen und Korrosionsspuren beseitigen.<\/p>\n<p>Das Produkt wird komplett gebrauchsfertig angeboten (es muss nicht verd\u00fcnnt oder hinzugef\u00fcgt werden) und wird in einem verschlossenen Beh\u00e4lter verkauft. Es wird dringend empfohlen, es an einem k\u00fchlen Ort aufzubewahren. Versuchen Sie zu verhindern, dass direktes Sonnenlicht in den Beh\u00e4lter mit der Zusammensetzung gelangt. Dies kann zu einer Verschlechterung seiner Eigenschaften f\u00fchren und die positiven Eigenschaften zus\u00e4tzlicher Komponenten und der wichtigsten viskosen Substanz \u2013 Glycerin \u2013 zunichte machen.<\/p>\n<p>Die Bef\u00fcllung des Heizsystems erfolgt durch Schwerkraft, entweder manuell oder unter Druck. Die manuelle Bef\u00fcllung gilt f\u00fcr offene Kreisl\u00e4ufe. Mithilfe von Pumpen wird K\u00fchlmittel unter Druck in geschlossene Heizsysteme gepumpt.<\/p>\n<p>Es ist wichtig, auf eine gute Abdichtung zu achten, da w\u00e4ssrige Glycerinl\u00f6sungen mit hoher Benetzungswirkung dort auslaufen k\u00f6nnen, wo kein Wasser flie\u00dft. Bei einer Undichtigkeit sinkt die Effizienz der gesamten Heizungsanlage. Wenn sie erkannt werden, ist es notwendig, den Betrieb des gesamten Systems anzuhalten und die St\u00f6rung zu beheben.<br \/>\nVorgehensweise bei Notabschaltung der Heizungsanlage.<br \/>\nL\u00f6sungen aus Glycerin und Wasser weisen bei Temperaturen von Null und darunter eine hohe Viskosit\u00e4t auf. Wenn das System abgek\u00fchlt ist, wird daher empfohlen, zuerst die Heizelemente selbst einzuschalten und dann mit der Zirkulation zu beginnen. Dadurch wird die Belastung der Pumpen verringert.<\/p>\n<p>Die Lebensdauer der Master BIO\u2122 K\u00fchlmittel betr\u00e4gt mindestens 5 Jahre. Der Preis des K\u00fchlmittels h\u00e4ngt von der Konzentration der Hauptgrundkomponente ab. Bei der Bestellung und dem Kauf muss der Glycerinanteil in der K\u00fchlmittelmarke ber\u00fccksichtigt werden. Von diesem Indikator h\u00e4ngt der Temperaturbereich ab, in dem das Ganzjahresk\u00fchlmittel mit niedrigem Gefrierpunkt funktionsf\u00e4hig ist.<\/p>\n","protected":false},"excerpt":{"rendered":"<p>Das K\u00fchlmittel Master BIO-10PRO\u2122 zeichnet sich durch einen umfassenden Frost- und Korrosionsschutz, ein au\u00dfergew\u00f6hnliches Sicherheitsprofil f\u00fcr Umwelt und Mensch sowie eine universelle Anwendbarkeit in verschiedenen Bereichen der Lebensmittelindustrie aus. Kann in Heizsystemen sowohl f\u00fcr \u00f6ffentliche als auch f\u00fcr Wohngeb\u00e4ude verwendet werden. Seine Glycerinbasis sorgt nicht nur f\u00fcr eine effiziente W\u00e4rme\u00fcbertragung, sondern f\u00f6rdert auch die Schmierung und Wartung von Systemkomponenten. Besch\u00e4digen Sie keine Produkte aus Gummi, Kunststoff, Gusseisen, Stahl oder Aluminiumlegierungen. Die vorbereitete Glycerinl\u00f6sung ist v\u00f6llig feuerfest und ihre Verwendung schlie\u00dft die M\u00f6glichkeit einer Explosion aus.<br \/>\nDieses Produkt ist eine ausgezeichnete Wahl f\u00fcr alle, die ein zuverl\u00e4ssiges, hochwertiges K\u00fchlmittel suchen, das Nachhaltigkeitsziele erf\u00fcllt.<\/p>\n","protected":false},"featured_media":6298,"template":"","meta":[],"product_brand":[],"product_cat":[84,104,101,92],"product_tag":[],"class_list":{"0":"post-6286","1":"product","2":"type-product","3":"status-publish","4":"has-post-thumbnail","6":"product_cat-bausektor","7":"product_cat-frostschutzmittel","8":"product_cat-kosmetikindustrie","9":"product_cat-kuhlmittel","11":"first","12":"instock","13":"taxable","14":"shipping-taxable","15":"purchasable","16":"product-type-variable","17":"has-default-attributes"},"yoast_head":"<!-- This site is optimized with the Yoast SEO plugin v27.5 - https:\/\/yoast.com\/product\/yoast-seo-wordpress\/ -->\n<title>Coolant Master BIO-10PRO\u2122 W\u00e4rme\u00fcbertragungsfl\u00fcssigkeit auf Glyzerinbasis - MasterChem<\/title>\n<meta name=\"description\" content=\"Das K\u00fchlmittel Master BIO-10PRO\u2122 zeichnet sich durch einen umfassenden Frost- und Korrosionsschutz, ein au\u00dfergew\u00f6hnliches Sicherheitsprofil f\u00fcr Umwelt und Mensch sowie eine universelle Anwendbarkeit in verschiedenen Bereichen der Lebensmittelindustrie aus.\" \/>\n<meta name=\"robots\" content=\"index, follow, max-snippet:-1, max-image-preview:large, max-video-preview:-1\" \/>\n<link rel=\"canonical\" href=\"https:\/\/masterchem.es\/de\/produkt\/coolant-master-eco-10pro-warmeubertragungsflussigkeit-copia\/\" \/>\n<meta property=\"og:locale\" content=\"de_DE\" \/>\n<meta property=\"og:type\" content=\"article\" \/>\n<meta property=\"og:title\" content=\"Coolant Master BIO-10PRO\u2122 W\u00e4rme\u00fcbertragungsfl\u00fcssigkeit auf Glyzerinbasis - MasterChem\" \/>\n<meta property=\"og:description\" content=\"Das K\u00fchlmittel Master BIO-10PRO\u2122 zeichnet sich durch einen umfassenden Frost- und Korrosionsschutz, ein au\u00dfergew\u00f6hnliches Sicherheitsprofil f\u00fcr Umwelt und Mensch sowie eine universelle Anwendbarkeit in verschiedenen Bereichen der Lebensmittelindustrie aus.\" \/>\n<meta property=\"og:url\" content=\"https:\/\/masterchem.es\/de\/produkt\/coolant-master-eco-10pro-warmeubertragungsflussigkeit-copia\/\" \/>\n<meta property=\"og:site_name\" content=\"MasterChem\" \/>\n<meta property=\"article:modified_time\" content=\"2024-03-19T06:42:57+00:00\" \/>\n<meta name=\"twitter:card\" content=\"summary_large_image\" \/>\n<meta name=\"twitter:label1\" content=\"Gesch\u00e4tzte Lesezeit\" \/>\n\t<meta name=\"twitter:data1\" content=\"2 Minuten\" \/>\n<script type=\"application\/ld+json\" class=\"yoast-schema-graph\">{\"@context\":\"https:\\\/\\\/schema.org\",\"@graph\":[{\"@type\":\"WebPage\",\"@id\":\"https:\\\/\\\/masterchem.es\\\/de\\\/produkt\\\/coolant-master-eco-10pro-warmeubertragungsflussigkeit-copia\\\/\",\"url\":\"https:\\\/\\\/masterchem.es\\\/de\\\/produkt\\\/coolant-master-eco-10pro-warmeubertragungsflussigkeit-copia\\\/\",\"name\":\"Coolant Master BIO-10PRO\u2122 W\u00e4rme\u00fcbertragungsfl\u00fcssigkeit auf Glyzerinbasis - MasterChem\",\"isPartOf\":{\"@id\":\"https:\\\/\\\/masterchem.es\\\/de\\\/#website\"},\"primaryImageOfPage\":{\"@id\":\"https:\\\/\\\/masterchem.es\\\/de\\\/produkt\\\/coolant-master-eco-10pro-warmeubertragungsflussigkeit-copia\\\/#primaryimage\"},\"image\":{\"@id\":\"https:\\\/\\\/masterchem.es\\\/de\\\/produkt\\\/coolant-master-eco-10pro-warmeubertragungsflussigkeit-copia\\\/#primaryimage\"},\"thumbnailUrl\":\"https:\\\/\\\/masterchem.es\\\/wp-content\\\/uploads\\\/2024\\\/03\\\/MasterChem_Coolant-Master-BIO-10PRO-1000L.jpg\",\"datePublished\":\"2024-03-19T06:31:23+00:00\",\"dateModified\":\"2024-03-19T06:42:57+00:00\",\"description\":\"Das K\u00fchlmittel Master BIO-10PRO\u2122 zeichnet sich durch einen umfassenden Frost- und Korrosionsschutz, ein au\u00dfergew\u00f6hnliches Sicherheitsprofil f\u00fcr Umwelt und Mensch sowie eine universelle Anwendbarkeit in verschiedenen Bereichen der Lebensmittelindustrie aus.\",\"breadcrumb\":{\"@id\":\"https:\\\/\\\/masterchem.es\\\/de\\\/produkt\\\/coolant-master-eco-10pro-warmeubertragungsflussigkeit-copia\\\/#breadcrumb\"},\"inLanguage\":\"de-DE\",\"potentialAction\":[{\"@type\":\"ReadAction\",\"target\":[\"https:\\\/\\\/masterchem.es\\\/de\\\/produkt\\\/coolant-master-eco-10pro-warmeubertragungsflussigkeit-copia\\\/\"]}]},{\"@type\":\"ImageObject\",\"inLanguage\":\"de-DE\",\"@id\":\"https:\\\/\\\/masterchem.es\\\/de\\\/produkt\\\/coolant-master-eco-10pro-warmeubertragungsflussigkeit-copia\\\/#primaryimage\",\"url\":\"https:\\\/\\\/masterchem.es\\\/wp-content\\\/uploads\\\/2024\\\/03\\\/MasterChem_Coolant-Master-BIO-10PRO-1000L.jpg\",\"contentUrl\":\"https:\\\/\\\/masterchem.es\\\/wp-content\\\/uploads\\\/2024\\\/03\\\/MasterChem_Coolant-Master-BIO-10PRO-1000L.jpg\",\"width\":1800,\"height\":1800,\"caption\":\"Coolant Master BIO-10PRO\u2122 W\u00e4rme\u00fcbertragungsfl\u00fcssigkeit auf Glyzerinbasis 1000L\"},{\"@type\":\"BreadcrumbList\",\"@id\":\"https:\\\/\\\/masterchem.es\\\/de\\\/produkt\\\/coolant-master-eco-10pro-warmeubertragungsflussigkeit-copia\\\/#breadcrumb\",\"itemListElement\":[{\"@type\":\"ListItem\",\"position\":1,\"name\":\"Home\",\"item\":\"https:\\\/\\\/masterchem.es\\\/de\\\/\"},{\"@type\":\"ListItem\",\"position\":2,\"name\":\"Tienda\",\"item\":\"https:\\\/\\\/masterchem.es\\\/tienda\\\/\"},{\"@type\":\"ListItem\",\"position\":3,\"name\":\"Coolant Master BIO-10PRO\u2122 W\u00e4rme\u00fcbertragungsfl\u00fcssigkeit auf Glyzerinbasis\"}]},{\"@type\":\"WebSite\",\"@id\":\"https:\\\/\\\/masterchem.es\\\/de\\\/#website\",\"url\":\"https:\\\/\\\/masterchem.es\\\/de\\\/\",\"name\":\"MasterChem\",\"description\":\"proveedor de productos qu&iacute;micos\",\"potentialAction\":[{\"@type\":\"SearchAction\",\"target\":{\"@type\":\"EntryPoint\",\"urlTemplate\":\"https:\\\/\\\/masterchem.es\\\/de\\\/?s={search_term_string}\"},\"query-input\":{\"@type\":\"PropertyValueSpecification\",\"valueRequired\":true,\"valueName\":\"search_term_string\"}}],\"inLanguage\":\"de-DE\"}]}<\/script>\n<!-- \/ Yoast SEO plugin. -->","yoast_head_json":{"title":"Coolant Master BIO-10PRO\u2122 W\u00e4rme\u00fcbertragungsfl\u00fcssigkeit auf Glyzerinbasis - MasterChem","description":"Das K\u00fchlmittel Master BIO-10PRO\u2122 zeichnet sich durch einen umfassenden Frost- und Korrosionsschutz, ein au\u00dfergew\u00f6hnliches Sicherheitsprofil f\u00fcr Umwelt und Mensch sowie eine universelle Anwendbarkeit in verschiedenen Bereichen der Lebensmittelindustrie aus.","robots":{"index":"index","follow":"follow","max-snippet":"max-snippet:-1","max-image-preview":"max-image-preview:large","max-video-preview":"max-video-preview:-1"},"canonical":"https:\/\/masterchem.es\/de\/produkt\/coolant-master-eco-10pro-warmeubertragungsflussigkeit-copia\/","og_locale":"de_DE","og_type":"article","og_title":"Coolant Master BIO-10PRO\u2122 W\u00e4rme\u00fcbertragungsfl\u00fcssigkeit auf Glyzerinbasis - MasterChem","og_description":"Das K\u00fchlmittel Master BIO-10PRO\u2122 zeichnet sich durch einen umfassenden Frost- und Korrosionsschutz, ein au\u00dfergew\u00f6hnliches Sicherheitsprofil f\u00fcr Umwelt und Mensch sowie eine universelle Anwendbarkeit in verschiedenen Bereichen der Lebensmittelindustrie aus.","og_url":"https:\/\/masterchem.es\/de\/produkt\/coolant-master-eco-10pro-warmeubertragungsflussigkeit-copia\/","og_site_name":"MasterChem","article_modified_time":"2024-03-19T06:42:57+00:00","twitter_card":"summary_large_image","twitter_misc":{"Gesch\u00e4tzte Lesezeit":"2 Minuten"},"schema":{"@context":"https:\/\/schema.org","@graph":[{"@type":"WebPage","@id":"https:\/\/masterchem.es\/de\/produkt\/coolant-master-eco-10pro-warmeubertragungsflussigkeit-copia\/","url":"https:\/\/masterchem.es\/de\/produkt\/coolant-master-eco-10pro-warmeubertragungsflussigkeit-copia\/","name":"Coolant Master BIO-10PRO\u2122 W\u00e4rme\u00fcbertragungsfl\u00fcssigkeit auf Glyzerinbasis - MasterChem","isPartOf":{"@id":"https:\/\/masterchem.es\/de\/#website"},"primaryImageOfPage":{"@id":"https:\/\/masterchem.es\/de\/produkt\/coolant-master-eco-10pro-warmeubertragungsflussigkeit-copia\/#primaryimage"},"image":{"@id":"https:\/\/masterchem.es\/de\/produkt\/coolant-master-eco-10pro-warmeubertragungsflussigkeit-copia\/#primaryimage"},"thumbnailUrl":"https:\/\/masterchem.es\/wp-content\/uploads\/2024\/03\/MasterChem_Coolant-Master-BIO-10PRO-1000L.jpg","datePublished":"2024-03-19T06:31:23+00:00","dateModified":"2024-03-19T06:42:57+00:00","description":"Das K\u00fchlmittel Master BIO-10PRO\u2122 zeichnet sich durch einen umfassenden Frost- und Korrosionsschutz, ein au\u00dfergew\u00f6hnliches Sicherheitsprofil f\u00fcr Umwelt und Mensch sowie eine universelle Anwendbarkeit in verschiedenen Bereichen der Lebensmittelindustrie aus.","breadcrumb":{"@id":"https:\/\/masterchem.es\/de\/produkt\/coolant-master-eco-10pro-warmeubertragungsflussigkeit-copia\/#breadcrumb"},"inLanguage":"de-DE","potentialAction":[{"@type":"ReadAction","target":["https:\/\/masterchem.es\/de\/produkt\/coolant-master-eco-10pro-warmeubertragungsflussigkeit-copia\/"]}]},{"@type":"ImageObject","inLanguage":"de-DE","@id":"https:\/\/masterchem.es\/de\/produkt\/coolant-master-eco-10pro-warmeubertragungsflussigkeit-copia\/#primaryimage","url":"https:\/\/masterchem.es\/wp-content\/uploads\/2024\/03\/MasterChem_Coolant-Master-BIO-10PRO-1000L.jpg","contentUrl":"https:\/\/masterchem.es\/wp-content\/uploads\/2024\/03\/MasterChem_Coolant-Master-BIO-10PRO-1000L.jpg","width":1800,"height":1800,"caption":"Coolant Master BIO-10PRO\u2122 W\u00e4rme\u00fcbertragungsfl\u00fcssigkeit auf Glyzerinbasis 1000L"},{"@type":"BreadcrumbList","@id":"https:\/\/masterchem.es\/de\/produkt\/coolant-master-eco-10pro-warmeubertragungsflussigkeit-copia\/#breadcrumb","itemListElement":[{"@type":"ListItem","position":1,"name":"Home","item":"https:\/\/masterchem.es\/de\/"},{"@type":"ListItem","position":2,"name":"Tienda","item":"https:\/\/masterchem.es\/tienda\/"},{"@type":"ListItem","position":3,"name":"Coolant Master BIO-10PRO\u2122 W\u00e4rme\u00fcbertragungsfl\u00fcssigkeit auf Glyzerinbasis"}]},{"@type":"WebSite","@id":"https:\/\/masterchem.es\/de\/#website","url":"https:\/\/masterchem.es\/de\/","name":"MasterChem","description":"proveedor de productos qu&iacute;micos","potentialAction":[{"@type":"SearchAction","target":{"@type":"EntryPoint","urlTemplate":"https:\/\/masterchem.es\/de\/?s={search_term_string}"},"query-input":{"@type":"PropertyValueSpecification","valueRequired":true,"valueName":"search_term_string"}}],"inLanguage":"de-DE"}]}},"_links":{"self":[{"href":"https:\/\/masterchem.es\/de\/wp-json\/wp\/v2\/product\/6286","targetHints":{"allow":["GET"]}}],"collection":[{"href":"https:\/\/masterchem.es\/de\/wp-json\/wp\/v2\/product"}],"about":[{"href":"https:\/\/masterchem.es\/de\/wp-json\/wp\/v2\/types\/product"}],"wp:featuredmedia":[{"embeddable":true,"href":"https:\/\/masterchem.es\/de\/wp-json\/wp\/v2\/media\/6298"}],"wp:attachment":[{"href":"https:\/\/masterchem.es\/de\/wp-json\/wp\/v2\/media?parent=6286"}],"wp:term":[{"taxonomy":"product_brand","embeddable":true,"href":"https:\/\/masterchem.es\/de\/wp-json\/wp\/v2\/product_brand?post=6286"},{"taxonomy":"product_cat","embeddable":true,"href":"https:\/\/masterchem.es\/de\/wp-json\/wp\/v2\/product_cat?post=6286"},{"taxonomy":"product_tag","embeddable":true,"href":"https:\/\/masterchem.es\/de\/wp-json\/wp\/v2\/product_tag?post=6286"}],"curies":[{"name":"wp","href":"https:\/\/api.w.org\/{rel}","templated":true}]}}