{"id":6486,"date":"2024-04-10T19:01:15","date_gmt":"2024-04-10T19:01:15","guid":{"rendered":"https:\/\/masterchem.es\/?post_type=product&#038;p=6486"},"modified":"2024-04-12T18:13:17","modified_gmt":"2024-04-12T18:13:17","slug":"coolant-master-bio-10pro-warmeubertragungsflussigkeit-auf-glyzerinbasis-copy","status":"publish","type":"product","link":"https:\/\/masterchem.es\/de\/produkt\/coolant-master-bio-10pro-warmeubertragungsflussigkeit-auf-glyzerinbasis-copy\/","title":{"rendered":"MasterSeaSafe Marine Antifreeze-30PRO\u2122"},"content":{"rendered":"<p><strong>Produkteigenschaften:<\/strong><br \/>\nProdukttyp: Gebrauchsfertig<br \/>\nGefrierpunkt: -30\u00b0C<br \/>\nInhibitor: ASTM D3306, D4985-Standard<br \/>\nDichte bei 20 \u00b0C: 1.145 g\/cm3<br \/>\nFarbe\/Aussehen: gelb, klar<br \/>\nGeruch: n.a.<br \/>\nLebensdauer: mindestens 5 Jahre und abh\u00e4ngig von den Betriebsvorschriften<br \/>\nHaltbarkeit: 60 Monate.<\/p>\n<p><strong>Beschreibung:<\/strong><br \/>\nMasterSeaSafe Antifreeze enth\u00e4lt fortschrittliche Hemmadditive, die speziell daf\u00fcr entwickelt wurden, Korrosion bei verschiedenen Metallarten zu verhindern, einschlie\u00dflich Aluminium, das \u00fcblicherweise in Schiffsmotoren verwendet wird. Diese modernen Inhibitoren sorgen daf\u00fcr, dass kritische Motorkomponenten vor der korrosiven Wirkung von Salzwasser und anderen Umwelteinfl\u00fcssen gesch\u00fctzt werden und verl\u00e4ngern so die Lebensdauer des Motors bei gleichzeitiger Beibehaltung seiner Effizienz. Diese Formulierung unterstreicht das Engagement von MasterSeaSafe, umweltfreundliche und technologisch fortschrittliche L\u00f6sungen f\u00fcr Bootsfahrer anzubieten, die den besten Schutz und die beste Leistung f\u00fcr ihre Schiffe verlangen.<\/p>\n<p>MasterSeaSafe Frostschutzmittel f\u00fcr Heizung und W\u00e4rmeaustausch auf Basis von Glycerin zeichnet sich durch folgende positive Eigenschaften aus:<\/p>\n<p>&#8211; sind umweltfreundlich und ungiftig;<br \/>\n&#8211; Die Markenzeichen von Master BIO\u2122 k\u00f6nnen hohen Temperaturen standhalten;<br \/>\n&#8211; haben schmierende und bakterizide Eigenschaften;<br \/>\n&#8211; f\u00fcr alle externen K\u00fchlwassersysteme von Bootsmotoren und Toilettensystemen;<br \/>\n&#8211; feuer- und explosionsgesch\u00fctzt;<\/p>\n<p>Dosierungstabelle<\/p>\n<table border=\"1\" cellpacing=\"0\" cellpadding=\"0\">\n<tbody>\n<tr>\n<td>MasterSeaSafe Frostschutzmittel<\/td>\n<td>Wasser<\/td>\n<td>Schutz bis \u00b0C<\/td>\n<\/tr>\n<tr>\n<td>1 L<\/td>\n<td>&#8211;<\/td>\n<td>-30<\/td>\n<\/tr>\n<tr>\n<td>1 L<\/td>\n<td>0,5 L<\/td>\n<td>-15<\/td>\n<\/tr>\n<tr>\n<td>1 L<\/td>\n<td>1 L<\/td>\n<td>-8<\/td>\n<\/tr>\n<\/tbody>\n<\/table>\n<p><strong>Benutzerhandbuch:<\/strong><\/p>\n<p>Einsatzgebiete F\u00fcr alle externen K\u00fchlwassersysteme des Bootsmotors und des Toilettensystems (Abwassersystem). Kompatibel mit allen Materialien. Nicht f\u00fcr die Trinkwasser- oder Frischwasserversorgung geeignet!<br \/>\nBeachten Sie die Betriebsanleitungen des Motor- bzw. Aggregateherstellers. Entsorgung gem\u00e4\u00df den \u00f6rtlichen Vorschriften. Nur im Originalzustand (unverd\u00fcnnt) lagern. Je nach gew\u00fcnschtem Frostschutzgrad mit Wasser verd\u00fcnnen.<br \/>\nUnsere Informationen basieren auf gr\u00fcndlicher Recherche und gelten als zuverl\u00e4ssig, sind jedoch nicht rechtsverbindlich.<\/p>\n<p>Es wird dringend empfohlen, es an einem k\u00fchlen Ort aufzubewahren. Versuchen Sie zu verhindern, dass direktes Sonnenlicht in den Beh\u00e4lter mit der Zusammensetzung gelangt. Dies kann zu einer Verschlechterung seiner Eigenschaften f\u00fchren und die positiven Eigenschaften zus\u00e4tzlicher Komponenten und der wichtigsten viskosen Substanz \u2013 Glycerin \u2013 zunichte machen.<\/p>\n<p>Empfohlene Lagertemperatur mindestens: 0 \u00b0C, maximal: 20 \u00b0C<br \/>\nArtikel: SeaSafe-30PRO56-81-5<br \/>\nInhaltsstoffe: Glycerin (CAS 56-81-5), demineralisiertes Wasser, Inhibitorzus\u00e4tze, Stabilisatoren<\/p>\n<p>Herkunftsland: Estland<br \/>\nVerpackung: 1 Liter, 5 Liter, 20 Liter, 25 Liter, 200 Liter, 1000 Liter<br \/>\nEAN:<br \/>\n4742668000805 1-Liter-Kunststoffdose<br \/>\n4742668000775 5-Liter-Kunststoffdose<br \/>\n4742668000768 20-Liter-Kunststoffdose<br \/>\n4742668000751 25-Liter-Kunststoffkanister<br \/>\n4742668000782 Kunststofftrommel mit 200 Litern<br \/>\n4742668000799 1000-Liter-IBC-Container<\/p>\n","protected":false},"excerpt":{"rendered":"<p>MasterSeaSafe Antifreeze-30PRO\u2122 wurde speziell f\u00fcr Schiffsmotoren entwickelt und bietet hervorragenden Frostschutz und ist gleichzeitig umweltfreundlich. Seine Formulierung ist biologisch abbaubar und ungiftig, sodass das Meeresleben nicht gesch\u00e4digt wird. Das MasterSeaSafe-K\u00fchlmittel ist ideal f\u00fcr Bootsfahrer, denen der Schutz der Umwelt am Herzen liegt. Es sorgt daf\u00fcr, dass Ihr Motor auch bei kalten Temperaturen reibungslos l\u00e4uft, ohne das \u00d6kosystem zu beeintr\u00e4chtigen. Dieses Produkt stellt ein Bekenntnis zur Sicherheit auf See und zur Verantwortung f\u00fcr die Umwelt dar und ist daher eine ausgezeichnete Wahl f\u00fcr umweltbewusste Bootsfahrer, die einen zuverl\u00e4ssigen Motorschutz suchen. Besch\u00e4digen Sie keine Produkte aus Gummi, Kunststoff, Gusseisen, Stahl oder Aluminiumlegierungen.<\/p>\n<p>MasterSeaSafe Antifreeze-30PRO\u2122 kann auch in Booten und Freizeitfahrzeugen (RVs), Wohnmobilen und Wohnwagen verwendet werden, um die Innenbordmotoren, das Trinkwasser und die Toilettensysteme vor dem Einfrieren zu sch\u00fctzen.<\/p>\n","protected":false},"featured_media":6503,"template":"","meta":[],"product_brand":[],"product_cat":[84,104,101,92],"product_tag":[],"class_list":{"0":"post-6486","1":"product","2":"type-product","3":"status-publish","4":"has-post-thumbnail","6":"product_cat-bausektor","7":"product_cat-frostschutzmittel","8":"product_cat-kosmetikindustrie","9":"product_cat-kuhlmittel","11":"first","12":"instock","13":"taxable","14":"shipping-taxable","15":"purchasable","16":"product-type-variable","17":"has-default-attributes"},"yoast_head":"<!-- This site is optimized with the Yoast SEO plugin v27.5 - https:\/\/yoast.com\/product\/yoast-seo-wordpress\/ -->\n<title>MasterSeaSafe Marine Antifreeze-30PRO\u2122 - MasterChem<\/title>\n<meta name=\"description\" content=\"MasterSeaSafe Marine Antifreeze-30PRO\u2122 wurde speziell f\u00fcr Schiffsmotoren entwickelt und bietet hervorragenden Frostschutz und ist gleichzeitig umweltfreundlich. Seine Formulierung ist biologisch abbaubar und ungiftig, sodass das Meeresleben nicht gesch\u00e4digt wird.\" \/>\n<meta name=\"robots\" content=\"index, follow, max-snippet:-1, max-image-preview:large, max-video-preview:-1\" \/>\n<link rel=\"canonical\" href=\"https:\/\/masterchem.es\/de\/produkt\/coolant-master-bio-10pro-warmeubertragungsflussigkeit-auf-glyzerinbasis-copy\/\" \/>\n<meta property=\"og:locale\" content=\"de_DE\" \/>\n<meta property=\"og:type\" content=\"article\" \/>\n<meta property=\"og:title\" content=\"MasterSeaSafe Marine Antifreeze-30PRO\u2122 - MasterChem\" \/>\n<meta property=\"og:description\" content=\"MasterSeaSafe Marine Antifreeze-30PRO\u2122 wurde speziell f\u00fcr Schiffsmotoren entwickelt und bietet hervorragenden Frostschutz und ist gleichzeitig umweltfreundlich. Seine Formulierung ist biologisch abbaubar und ungiftig, sodass das Meeresleben nicht gesch\u00e4digt wird.\" \/>\n<meta property=\"og:url\" content=\"https:\/\/masterchem.es\/de\/produkt\/coolant-master-bio-10pro-warmeubertragungsflussigkeit-auf-glyzerinbasis-copy\/\" \/>\n<meta property=\"og:site_name\" content=\"MasterChem\" \/>\n<meta property=\"article:modified_time\" content=\"2024-04-12T18:13:17+00:00\" \/>\n<meta property=\"og:image\" content=\"https:\/\/masterchem.es\/wp-content\/uploads\/2024\/04\/MasterSeaSafe-Antifreeze-30PR-1000L.jpg\" \/>\n\t<meta property=\"og:image:width\" content=\"1800\" \/>\n\t<meta property=\"og:image:height\" content=\"1800\" \/>\n\t<meta property=\"og:image:type\" content=\"image\/jpeg\" \/>\n<meta name=\"twitter:card\" content=\"summary_large_image\" \/>\n<meta name=\"twitter:label1\" content=\"Gesch\u00e4tzte Lesezeit\" \/>\n\t<meta name=\"twitter:data1\" content=\"2 Minuten\" \/>\n<script type=\"application\/ld+json\" class=\"yoast-schema-graph\">{\"@context\":\"https:\\\/\\\/schema.org\",\"@graph\":[{\"@type\":\"WebPage\",\"@id\":\"https:\\\/\\\/masterchem.es\\\/de\\\/produkt\\\/coolant-master-bio-10pro-warmeubertragungsflussigkeit-auf-glyzerinbasis-copy\\\/\",\"url\":\"https:\\\/\\\/masterchem.es\\\/de\\\/produkt\\\/coolant-master-bio-10pro-warmeubertragungsflussigkeit-auf-glyzerinbasis-copy\\\/\",\"name\":\"MasterSeaSafe Marine Antifreeze-30PRO\u2122 - MasterChem\",\"isPartOf\":{\"@id\":\"https:\\\/\\\/masterchem.es\\\/de\\\/#website\"},\"primaryImageOfPage\":{\"@id\":\"https:\\\/\\\/masterchem.es\\\/de\\\/produkt\\\/coolant-master-bio-10pro-warmeubertragungsflussigkeit-auf-glyzerinbasis-copy\\\/#primaryimage\"},\"image\":{\"@id\":\"https:\\\/\\\/masterchem.es\\\/de\\\/produkt\\\/coolant-master-bio-10pro-warmeubertragungsflussigkeit-auf-glyzerinbasis-copy\\\/#primaryimage\"},\"thumbnailUrl\":\"https:\\\/\\\/masterchem.es\\\/wp-content\\\/uploads\\\/2024\\\/04\\\/MasterSeaSafe-Antifreeze-30PR-1000L.jpg\",\"datePublished\":\"2024-04-10T19:01:15+00:00\",\"dateModified\":\"2024-04-12T18:13:17+00:00\",\"description\":\"MasterSeaSafe Marine Antifreeze-30PRO\u2122 wurde speziell f\u00fcr Schiffsmotoren entwickelt und bietet hervorragenden Frostschutz und ist gleichzeitig umweltfreundlich. Seine Formulierung ist biologisch abbaubar und ungiftig, sodass das Meeresleben nicht gesch\u00e4digt wird.\",\"breadcrumb\":{\"@id\":\"https:\\\/\\\/masterchem.es\\\/de\\\/produkt\\\/coolant-master-bio-10pro-warmeubertragungsflussigkeit-auf-glyzerinbasis-copy\\\/#breadcrumb\"},\"inLanguage\":\"de-DE\",\"potentialAction\":[{\"@type\":\"ReadAction\",\"target\":[\"https:\\\/\\\/masterchem.es\\\/de\\\/produkt\\\/coolant-master-bio-10pro-warmeubertragungsflussigkeit-auf-glyzerinbasis-copy\\\/\"]}]},{\"@type\":\"ImageObject\",\"inLanguage\":\"de-DE\",\"@id\":\"https:\\\/\\\/masterchem.es\\\/de\\\/produkt\\\/coolant-master-bio-10pro-warmeubertragungsflussigkeit-auf-glyzerinbasis-copy\\\/#primaryimage\",\"url\":\"https:\\\/\\\/masterchem.es\\\/wp-content\\\/uploads\\\/2024\\\/04\\\/MasterSeaSafe-Antifreeze-30PR-1000L.jpg\",\"contentUrl\":\"https:\\\/\\\/masterchem.es\\\/wp-content\\\/uploads\\\/2024\\\/04\\\/MasterSeaSafe-Antifreeze-30PR-1000L.jpg\",\"width\":1800,\"height\":1800},{\"@type\":\"BreadcrumbList\",\"@id\":\"https:\\\/\\\/masterchem.es\\\/de\\\/produkt\\\/coolant-master-bio-10pro-warmeubertragungsflussigkeit-auf-glyzerinbasis-copy\\\/#breadcrumb\",\"itemListElement\":[{\"@type\":\"ListItem\",\"position\":1,\"name\":\"Home\",\"item\":\"https:\\\/\\\/masterchem.es\\\/de\\\/\"},{\"@type\":\"ListItem\",\"position\":2,\"name\":\"Tienda\",\"item\":\"https:\\\/\\\/masterchem.es\\\/tienda\\\/\"},{\"@type\":\"ListItem\",\"position\":3,\"name\":\"MasterSeaSafe Marine Antifreeze-30PRO\u2122\"}]},{\"@type\":\"WebSite\",\"@id\":\"https:\\\/\\\/masterchem.es\\\/de\\\/#website\",\"url\":\"https:\\\/\\\/masterchem.es\\\/de\\\/\",\"name\":\"MasterChem\",\"description\":\"proveedor de productos qu&iacute;micos\",\"potentialAction\":[{\"@type\":\"SearchAction\",\"target\":{\"@type\":\"EntryPoint\",\"urlTemplate\":\"https:\\\/\\\/masterchem.es\\\/de\\\/?s={search_term_string}\"},\"query-input\":{\"@type\":\"PropertyValueSpecification\",\"valueRequired\":true,\"valueName\":\"search_term_string\"}}],\"inLanguage\":\"de-DE\"}]}<\/script>\n<!-- \/ Yoast SEO plugin. -->","yoast_head_json":{"title":"MasterSeaSafe Marine Antifreeze-30PRO\u2122 - MasterChem","description":"MasterSeaSafe Marine Antifreeze-30PRO\u2122 wurde speziell f\u00fcr Schiffsmotoren entwickelt und bietet hervorragenden Frostschutz und ist gleichzeitig umweltfreundlich. Seine Formulierung ist biologisch abbaubar und ungiftig, sodass das Meeresleben nicht gesch\u00e4digt wird.","robots":{"index":"index","follow":"follow","max-snippet":"max-snippet:-1","max-image-preview":"max-image-preview:large","max-video-preview":"max-video-preview:-1"},"canonical":"https:\/\/masterchem.es\/de\/produkt\/coolant-master-bio-10pro-warmeubertragungsflussigkeit-auf-glyzerinbasis-copy\/","og_locale":"de_DE","og_type":"article","og_title":"MasterSeaSafe Marine Antifreeze-30PRO\u2122 - MasterChem","og_description":"MasterSeaSafe Marine Antifreeze-30PRO\u2122 wurde speziell f\u00fcr Schiffsmotoren entwickelt und bietet hervorragenden Frostschutz und ist gleichzeitig umweltfreundlich. Seine Formulierung ist biologisch abbaubar und ungiftig, sodass das Meeresleben nicht gesch\u00e4digt wird.","og_url":"https:\/\/masterchem.es\/de\/produkt\/coolant-master-bio-10pro-warmeubertragungsflussigkeit-auf-glyzerinbasis-copy\/","og_site_name":"MasterChem","article_modified_time":"2024-04-12T18:13:17+00:00","og_image":[{"width":1800,"height":1800,"url":"https:\/\/masterchem.es\/wp-content\/uploads\/2024\/04\/MasterSeaSafe-Antifreeze-30PR-1000L.jpg","type":"image\/jpeg"}],"twitter_card":"summary_large_image","twitter_misc":{"Gesch\u00e4tzte Lesezeit":"2 Minuten"},"schema":{"@context":"https:\/\/schema.org","@graph":[{"@type":"WebPage","@id":"https:\/\/masterchem.es\/de\/produkt\/coolant-master-bio-10pro-warmeubertragungsflussigkeit-auf-glyzerinbasis-copy\/","url":"https:\/\/masterchem.es\/de\/produkt\/coolant-master-bio-10pro-warmeubertragungsflussigkeit-auf-glyzerinbasis-copy\/","name":"MasterSeaSafe Marine Antifreeze-30PRO\u2122 - MasterChem","isPartOf":{"@id":"https:\/\/masterchem.es\/de\/#website"},"primaryImageOfPage":{"@id":"https:\/\/masterchem.es\/de\/produkt\/coolant-master-bio-10pro-warmeubertragungsflussigkeit-auf-glyzerinbasis-copy\/#primaryimage"},"image":{"@id":"https:\/\/masterchem.es\/de\/produkt\/coolant-master-bio-10pro-warmeubertragungsflussigkeit-auf-glyzerinbasis-copy\/#primaryimage"},"thumbnailUrl":"https:\/\/masterchem.es\/wp-content\/uploads\/2024\/04\/MasterSeaSafe-Antifreeze-30PR-1000L.jpg","datePublished":"2024-04-10T19:01:15+00:00","dateModified":"2024-04-12T18:13:17+00:00","description":"MasterSeaSafe Marine Antifreeze-30PRO\u2122 wurde speziell f\u00fcr Schiffsmotoren entwickelt und bietet hervorragenden Frostschutz und ist gleichzeitig umweltfreundlich. Seine Formulierung ist biologisch abbaubar und ungiftig, sodass das Meeresleben nicht gesch\u00e4digt wird.","breadcrumb":{"@id":"https:\/\/masterchem.es\/de\/produkt\/coolant-master-bio-10pro-warmeubertragungsflussigkeit-auf-glyzerinbasis-copy\/#breadcrumb"},"inLanguage":"de-DE","potentialAction":[{"@type":"ReadAction","target":["https:\/\/masterchem.es\/de\/produkt\/coolant-master-bio-10pro-warmeubertragungsflussigkeit-auf-glyzerinbasis-copy\/"]}]},{"@type":"ImageObject","inLanguage":"de-DE","@id":"https:\/\/masterchem.es\/de\/produkt\/coolant-master-bio-10pro-warmeubertragungsflussigkeit-auf-glyzerinbasis-copy\/#primaryimage","url":"https:\/\/masterchem.es\/wp-content\/uploads\/2024\/04\/MasterSeaSafe-Antifreeze-30PR-1000L.jpg","contentUrl":"https:\/\/masterchem.es\/wp-content\/uploads\/2024\/04\/MasterSeaSafe-Antifreeze-30PR-1000L.jpg","width":1800,"height":1800},{"@type":"BreadcrumbList","@id":"https:\/\/masterchem.es\/de\/produkt\/coolant-master-bio-10pro-warmeubertragungsflussigkeit-auf-glyzerinbasis-copy\/#breadcrumb","itemListElement":[{"@type":"ListItem","position":1,"name":"Home","item":"https:\/\/masterchem.es\/de\/"},{"@type":"ListItem","position":2,"name":"Tienda","item":"https:\/\/masterchem.es\/tienda\/"},{"@type":"ListItem","position":3,"name":"MasterSeaSafe Marine Antifreeze-30PRO\u2122"}]},{"@type":"WebSite","@id":"https:\/\/masterchem.es\/de\/#website","url":"https:\/\/masterchem.es\/de\/","name":"MasterChem","description":"proveedor de productos qu&iacute;micos","potentialAction":[{"@type":"SearchAction","target":{"@type":"EntryPoint","urlTemplate":"https:\/\/masterchem.es\/de\/?s={search_term_string}"},"query-input":{"@type":"PropertyValueSpecification","valueRequired":true,"valueName":"search_term_string"}}],"inLanguage":"de-DE"}]}},"_links":{"self":[{"href":"https:\/\/masterchem.es\/de\/wp-json\/wp\/v2\/product\/6486","targetHints":{"allow":["GET"]}}],"collection":[{"href":"https:\/\/masterchem.es\/de\/wp-json\/wp\/v2\/product"}],"about":[{"href":"https:\/\/masterchem.es\/de\/wp-json\/wp\/v2\/types\/product"}],"wp:featuredmedia":[{"embeddable":true,"href":"https:\/\/masterchem.es\/de\/wp-json\/wp\/v2\/media\/6503"}],"wp:attachment":[{"href":"https:\/\/masterchem.es\/de\/wp-json\/wp\/v2\/media?parent=6486"}],"wp:term":[{"taxonomy":"product_brand","embeddable":true,"href":"https:\/\/masterchem.es\/de\/wp-json\/wp\/v2\/product_brand?post=6486"},{"taxonomy":"product_cat","embeddable":true,"href":"https:\/\/masterchem.es\/de\/wp-json\/wp\/v2\/product_cat?post=6486"},{"taxonomy":"product_tag","embeddable":true,"href":"https:\/\/masterchem.es\/de\/wp-json\/wp\/v2\/product_tag?post=6486"}],"curies":[{"name":"wp","href":"https:\/\/api.w.org\/{rel}","templated":true}]}}