{"id":4971,"date":"2023-03-02T08:00:08","date_gmt":"2023-03-02T08:00:08","guid":{"rendered":"https:\/\/masterchem.es\/?post_type=product&#038;p=4971"},"modified":"2023-03-02T08:05:46","modified_gmt":"2023-03-02T08:05:46","slug":"oxalic-acid-ethanedioic-acid-cas-144-62-7","status":"publish","type":"product","link":"https:\/\/masterchem.es\/en\/product\/oxalic-acid-ethanedioic-acid-cas-144-62-7\/","title":{"rendered":"Oxalic acid (ethanedioic acid) (CAS 144-62-7)"},"content":{"rendered":"<p><strong>Precautions<\/strong><br \/>\nOxalic acid belongs to flammable, highly toxic and toxic chemical reagents, therefore, only those laboratory employees who have undergone special instructions on observing safety measures are allowed to work with it:<\/p>\n<p>\u2013 carry out work in special laboratory glassware. If the laboratory glassware is made of another material, the acid can react with it; \u2013 in order to avoid the ingress of oxalic acid on the skin, respiratory tract, mucous membranes, all studies should be carried out: in rubber products (boots, rubberized aprons, examination gloves, nitrile gloves), protective equipment (gas mask or respirator, goggles), overalls;<\/p>\n<p>\u2013 while using oxalic acid, it is prohibited to eat, drink, smoke; \u2013 after completion of work, it is necessary to thoroughly wash your face and hands with warm water and soap or a neutralizing agent (baking soda solution); \u2013 transportation and storage of oxalic acid together with food is prohibited; \u2013 observe fire safety measures if there is a need to use heating devices.<\/p>\n","protected":false},"excerpt":{"rendered":"<p>Oxalic (ethanedioic) acid) is a dibasic saturated carboxylic acid, which is a chemical substance in the form of colorless crystals, soluble in water, incompletely in diethyl and ethyl alcohol, insoluble in benzene, chloroform, petroleum ether.<br \/>\nApplication<br \/>\nOxalic acid and oxalates are used in the textile and leather industries.<br \/>\nmetallurgical (for cleaning metals from scale, corrosion, rust, oxides);<br \/>\nchemical (in the manufacture of dyes, plastics, ink, pyrotechnics);<br \/>\ntextile (as a mordant when dyeing wool and silk);<br \/>\nmicroscopy (for bleaching the sections);<br \/>\nagriculture (as an insecticide);<br \/>\npharmacology;<br \/>\nwoodworking;<br \/>\ncosmetology (as part of whitening creams, masks and serums);<br \/>\nanalytical chemistry (for the precipitation of rare earth elements);<br \/>\nhousehold chemicals (as a bleaching and disinfectant component of detergents).<br \/>\nIn addition, the substance is used to create food additives and biologically active complexes (as a preservative)<\/p>\n<p>CAS: 144-62-7<\/p>\n","protected":false},"featured_media":4975,"template":"","meta":[],"product_brand":[],"product_cat":[125,88,85],"product_tag":[],"class_list":{"0":"post-4971","1":"product","2":"type-product","3":"status-publish","4":"has-post-thumbnail","6":"product_cat-industrial-chemicals","7":"product_cat-pharmaceutical-products","8":"product_cat-uncategorized","10":"first","11":"instock","12":"taxable","13":"shipping-taxable","14":"purchasable","15":"product-type-variable","16":"has-default-attributes"},"yoast_head":"<!-- This site is optimized with the Yoast SEO plugin v27.5 - https:\/\/yoast.com\/product\/yoast-seo-wordpress\/ -->\n<title>Oxalic acid (ethanedioic acid) (CAS 144-62-7) - MasterChem<\/title>\n<meta name=\"description\" content=\"Oksaal (etaandiohape) on kahealuseline k\u00fcllastunud karboks\u00fc\u00fclhape, mis on keemiline aine v\u00e4rvitute kristallide kujul, lahustub vees, ei lahustu diet\u00fc\u00fcl- ja et\u00fc\u00fclalkoholis t\u00e4ielikult, ei lahustu benseenis, kloroformis, petrooleetris.\" \/>\n<meta name=\"robots\" content=\"index, follow, max-snippet:-1, max-image-preview:large, max-video-preview:-1\" \/>\n<link rel=\"canonical\" href=\"https:\/\/masterchem.es\/en\/product\/oxalic-acid-ethanedioic-acid-cas-144-62-7\/\" \/>\n<meta property=\"og:locale\" content=\"en_US\" \/>\n<meta property=\"og:type\" content=\"article\" \/>\n<meta property=\"og:title\" content=\"Oxalic acid (ethanedioic acid) (CAS 144-62-7) - MasterChem\" \/>\n<meta property=\"og:description\" content=\"Oksaal (etaandiohape) on kahealuseline k\u00fcllastunud karboks\u00fc\u00fclhape, mis on keemiline aine v\u00e4rvitute kristallide kujul, lahustub vees, ei lahustu diet\u00fc\u00fcl- ja et\u00fc\u00fclalkoholis t\u00e4ielikult, ei lahustu benseenis, kloroformis, petrooleetris.\" \/>\n<meta property=\"og:url\" content=\"https:\/\/masterchem.es\/en\/product\/oxalic-acid-ethanedioic-acid-cas-144-62-7\/\" \/>\n<meta property=\"og:site_name\" content=\"MasterChem\" \/>\n<meta property=\"article:modified_time\" content=\"2023-03-02T08:05:46+00:00\" \/>\n<meta property=\"og:image\" content=\"https:\/\/masterchem.es\/wp-content\/uploads\/2023\/03\/Acido-oxalico-acido-etanodioico-CAS-144-62-7-25kg-MasterChem.png\" \/>\n\t<meta property=\"og:image:width\" content=\"1000\" \/>\n\t<meta property=\"og:image:height\" content=\"1000\" \/>\n\t<meta property=\"og:image:type\" content=\"image\/png\" \/>\n<meta name=\"twitter:card\" content=\"summary_large_image\" \/>\n<meta name=\"twitter:label1\" content=\"Est. reading time\" \/>\n\t<meta name=\"twitter:data1\" content=\"1 minute\" \/>\n<script type=\"application\/ld+json\" class=\"yoast-schema-graph\">{\"@context\":\"https:\\\/\\\/schema.org\",\"@graph\":[{\"@type\":\"WebPage\",\"@id\":\"https:\\\/\\\/masterchem.es\\\/en\\\/product\\\/oxalic-acid-ethanedioic-acid-cas-144-62-7\\\/\",\"url\":\"https:\\\/\\\/masterchem.es\\\/en\\\/product\\\/oxalic-acid-ethanedioic-acid-cas-144-62-7\\\/\",\"name\":\"Oxalic acid (ethanedioic acid) (CAS 144-62-7) - MasterChem\",\"isPartOf\":{\"@id\":\"https:\\\/\\\/masterchem.es\\\/en\\\/#website\"},\"primaryImageOfPage\":{\"@id\":\"https:\\\/\\\/masterchem.es\\\/en\\\/product\\\/oxalic-acid-ethanedioic-acid-cas-144-62-7\\\/#primaryimage\"},\"image\":{\"@id\":\"https:\\\/\\\/masterchem.es\\\/en\\\/product\\\/oxalic-acid-ethanedioic-acid-cas-144-62-7\\\/#primaryimage\"},\"thumbnailUrl\":\"https:\\\/\\\/masterchem.es\\\/wp-content\\\/uploads\\\/2023\\\/03\\\/Acido-oxalico-acido-etanodioico-CAS-144-62-7-25kg-MasterChem.png\",\"datePublished\":\"2023-03-02T08:00:08+00:00\",\"dateModified\":\"2023-03-02T08:05:46+00:00\",\"description\":\"Oksaal (etaandiohape) on kahealuseline k\u00fcllastunud karboks\u00fc\u00fclhape, mis on keemiline aine v\u00e4rvitute kristallide kujul, lahustub vees, ei lahustu diet\u00fc\u00fcl- ja et\u00fc\u00fclalkoholis t\u00e4ielikult, ei lahustu benseenis, kloroformis, petrooleetris.\",\"breadcrumb\":{\"@id\":\"https:\\\/\\\/masterchem.es\\\/en\\\/product\\\/oxalic-acid-ethanedioic-acid-cas-144-62-7\\\/#breadcrumb\"},\"inLanguage\":\"en-US\",\"potentialAction\":[{\"@type\":\"ReadAction\",\"target\":[\"https:\\\/\\\/masterchem.es\\\/en\\\/product\\\/oxalic-acid-ethanedioic-acid-cas-144-62-7\\\/\"]}]},{\"@type\":\"ImageObject\",\"inLanguage\":\"en-US\",\"@id\":\"https:\\\/\\\/masterchem.es\\\/en\\\/product\\\/oxalic-acid-ethanedioic-acid-cas-144-62-7\\\/#primaryimage\",\"url\":\"https:\\\/\\\/masterchem.es\\\/wp-content\\\/uploads\\\/2023\\\/03\\\/Acido-oxalico-acido-etanodioico-CAS-144-62-7-25kg-MasterChem.png\",\"contentUrl\":\"https:\\\/\\\/masterchem.es\\\/wp-content\\\/uploads\\\/2023\\\/03\\\/Acido-oxalico-acido-etanodioico-CAS-144-62-7-25kg-MasterChem.png\",\"width\":1000,\"height\":1000},{\"@type\":\"BreadcrumbList\",\"@id\":\"https:\\\/\\\/masterchem.es\\\/en\\\/product\\\/oxalic-acid-ethanedioic-acid-cas-144-62-7\\\/#breadcrumb\",\"itemListElement\":[{\"@type\":\"ListItem\",\"position\":1,\"name\":\"Home\",\"item\":\"https:\\\/\\\/masterchem.es\\\/en\\\/\"},{\"@type\":\"ListItem\",\"position\":2,\"name\":\"Tienda\",\"item\":\"https:\\\/\\\/masterchem.es\\\/tienda\\\/\"},{\"@type\":\"ListItem\",\"position\":3,\"name\":\"Oxalic acid (ethanedioic acid) (CAS 144-62-7)\"}]},{\"@type\":\"WebSite\",\"@id\":\"https:\\\/\\\/masterchem.es\\\/en\\\/#website\",\"url\":\"https:\\\/\\\/masterchem.es\\\/en\\\/\",\"name\":\"MasterChem\",\"description\":\"proveedor de productos qu&iacute;micos\",\"potentialAction\":[{\"@type\":\"SearchAction\",\"target\":{\"@type\":\"EntryPoint\",\"urlTemplate\":\"https:\\\/\\\/masterchem.es\\\/en\\\/?s={search_term_string}\"},\"query-input\":{\"@type\":\"PropertyValueSpecification\",\"valueRequired\":true,\"valueName\":\"search_term_string\"}}],\"inLanguage\":\"en-US\"}]}<\/script>\n<!-- \/ Yoast SEO plugin. -->","yoast_head_json":{"title":"Oxalic acid (ethanedioic acid) (CAS 144-62-7) - MasterChem","description":"Oksaal (etaandiohape) on kahealuseline k\u00fcllastunud karboks\u00fc\u00fclhape, mis on keemiline aine v\u00e4rvitute kristallide kujul, lahustub vees, ei lahustu diet\u00fc\u00fcl- ja et\u00fc\u00fclalkoholis t\u00e4ielikult, ei lahustu benseenis, kloroformis, petrooleetris.","robots":{"index":"index","follow":"follow","max-snippet":"max-snippet:-1","max-image-preview":"max-image-preview:large","max-video-preview":"max-video-preview:-1"},"canonical":"https:\/\/masterchem.es\/en\/product\/oxalic-acid-ethanedioic-acid-cas-144-62-7\/","og_locale":"en_US","og_type":"article","og_title":"Oxalic acid (ethanedioic acid) (CAS 144-62-7) - MasterChem","og_description":"Oksaal (etaandiohape) on kahealuseline k\u00fcllastunud karboks\u00fc\u00fclhape, mis on keemiline aine v\u00e4rvitute kristallide kujul, lahustub vees, ei lahustu diet\u00fc\u00fcl- ja et\u00fc\u00fclalkoholis t\u00e4ielikult, ei lahustu benseenis, kloroformis, petrooleetris.","og_url":"https:\/\/masterchem.es\/en\/product\/oxalic-acid-ethanedioic-acid-cas-144-62-7\/","og_site_name":"MasterChem","article_modified_time":"2023-03-02T08:05:46+00:00","og_image":[{"width":1000,"height":1000,"url":"https:\/\/masterchem.es\/wp-content\/uploads\/2023\/03\/Acido-oxalico-acido-etanodioico-CAS-144-62-7-25kg-MasterChem.png","type":"image\/png"}],"twitter_card":"summary_large_image","twitter_misc":{"Est. reading time":"1 minute"},"schema":{"@context":"https:\/\/schema.org","@graph":[{"@type":"WebPage","@id":"https:\/\/masterchem.es\/en\/product\/oxalic-acid-ethanedioic-acid-cas-144-62-7\/","url":"https:\/\/masterchem.es\/en\/product\/oxalic-acid-ethanedioic-acid-cas-144-62-7\/","name":"Oxalic acid (ethanedioic acid) (CAS 144-62-7) - MasterChem","isPartOf":{"@id":"https:\/\/masterchem.es\/en\/#website"},"primaryImageOfPage":{"@id":"https:\/\/masterchem.es\/en\/product\/oxalic-acid-ethanedioic-acid-cas-144-62-7\/#primaryimage"},"image":{"@id":"https:\/\/masterchem.es\/en\/product\/oxalic-acid-ethanedioic-acid-cas-144-62-7\/#primaryimage"},"thumbnailUrl":"https:\/\/masterchem.es\/wp-content\/uploads\/2023\/03\/Acido-oxalico-acido-etanodioico-CAS-144-62-7-25kg-MasterChem.png","datePublished":"2023-03-02T08:00:08+00:00","dateModified":"2023-03-02T08:05:46+00:00","description":"Oksaal (etaandiohape) on kahealuseline k\u00fcllastunud karboks\u00fc\u00fclhape, mis on keemiline aine v\u00e4rvitute kristallide kujul, lahustub vees, ei lahustu diet\u00fc\u00fcl- ja et\u00fc\u00fclalkoholis t\u00e4ielikult, ei lahustu benseenis, kloroformis, petrooleetris.","breadcrumb":{"@id":"https:\/\/masterchem.es\/en\/product\/oxalic-acid-ethanedioic-acid-cas-144-62-7\/#breadcrumb"},"inLanguage":"en-US","potentialAction":[{"@type":"ReadAction","target":["https:\/\/masterchem.es\/en\/product\/oxalic-acid-ethanedioic-acid-cas-144-62-7\/"]}]},{"@type":"ImageObject","inLanguage":"en-US","@id":"https:\/\/masterchem.es\/en\/product\/oxalic-acid-ethanedioic-acid-cas-144-62-7\/#primaryimage","url":"https:\/\/masterchem.es\/wp-content\/uploads\/2023\/03\/Acido-oxalico-acido-etanodioico-CAS-144-62-7-25kg-MasterChem.png","contentUrl":"https:\/\/masterchem.es\/wp-content\/uploads\/2023\/03\/Acido-oxalico-acido-etanodioico-CAS-144-62-7-25kg-MasterChem.png","width":1000,"height":1000},{"@type":"BreadcrumbList","@id":"https:\/\/masterchem.es\/en\/product\/oxalic-acid-ethanedioic-acid-cas-144-62-7\/#breadcrumb","itemListElement":[{"@type":"ListItem","position":1,"name":"Home","item":"https:\/\/masterchem.es\/en\/"},{"@type":"ListItem","position":2,"name":"Tienda","item":"https:\/\/masterchem.es\/tienda\/"},{"@type":"ListItem","position":3,"name":"Oxalic acid (ethanedioic acid) (CAS 144-62-7)"}]},{"@type":"WebSite","@id":"https:\/\/masterchem.es\/en\/#website","url":"https:\/\/masterchem.es\/en\/","name":"MasterChem","description":"proveedor de productos qu&iacute;micos","potentialAction":[{"@type":"SearchAction","target":{"@type":"EntryPoint","urlTemplate":"https:\/\/masterchem.es\/en\/?s={search_term_string}"},"query-input":{"@type":"PropertyValueSpecification","valueRequired":true,"valueName":"search_term_string"}}],"inLanguage":"en-US"}]}},"_links":{"self":[{"href":"https:\/\/masterchem.es\/en\/wp-json\/wp\/v2\/product\/4971","targetHints":{"allow":["GET"]}}],"collection":[{"href":"https:\/\/masterchem.es\/en\/wp-json\/wp\/v2\/product"}],"about":[{"href":"https:\/\/masterchem.es\/en\/wp-json\/wp\/v2\/types\/product"}],"wp:featuredmedia":[{"embeddable":true,"href":"https:\/\/masterchem.es\/en\/wp-json\/wp\/v2\/media\/4975"}],"wp:attachment":[{"href":"https:\/\/masterchem.es\/en\/wp-json\/wp\/v2\/media?parent=4971"}],"wp:term":[{"taxonomy":"product_brand","embeddable":true,"href":"https:\/\/masterchem.es\/en\/wp-json\/wp\/v2\/product_brand?post=4971"},{"taxonomy":"product_cat","embeddable":true,"href":"https:\/\/masterchem.es\/en\/wp-json\/wp\/v2\/product_cat?post=4971"},{"taxonomy":"product_tag","embeddable":true,"href":"https:\/\/masterchem.es\/en\/wp-json\/wp\/v2\/product_tag?post=4971"}],"curies":[{"name":"wp","href":"https:\/\/api.w.org\/{rel}","templated":true}]}}